{"id":323,"date":"2017-08-06T20:49:24","date_gmt":"2017-08-07T02:49:24","guid":{"rendered":"http:\/\/momentumcasino.com\/?page_id=323"},"modified":"2023-09-28T11:07:39","modified_gmt":"2023-09-28T17:07:39","slug":"contact-us","status":"publish","type":"page","link":"https:\/\/momentumcasino.com\/en\/contact-us\/","title":{"rendered":"Contact Us"},"content":{"rendered":"\t\t<div data-elementor-type=\"wp-page\" data-elementor-id=\"323\" class=\"elementor elementor-323\">\n\t\t\t\t<div class=\"elementor-element elementor-element-15cc592 e-con-full e-flex wpr-particle-no wpr-jarallax-no wpr-parallax-no wpr-sticky-section-no wpr-equal-height-no e-con e-parent\" data-id=\"15cc592\" data-element_type=\"container\" data-e-type=\"container\" data-settings=\"{&quot;background_background&quot;:&quot;classic&quot;}\">\n\t\t\t\t<\/div>\n\t\t<div class=\"elementor-element elementor-element-b3e327f e-flex e-con-boxed wpr-particle-no wpr-jarallax-no wpr-parallax-no wpr-sticky-section-no wpr-equal-height-no e-con e-parent\" data-id=\"b3e327f\" data-element_type=\"container\" data-e-type=\"container\">\n\t\t\t\t\t<div class=\"e-con-inner\">\n\t\t<div class=\"elementor-element elementor-element-cb8f357 e-con-full e-flex wpr-particle-no wpr-jarallax-no wpr-parallax-no wpr-sticky-section-no wpr-equal-height-no e-con e-child\" data-id=\"cb8f357\" data-element_type=\"container\" data-e-type=\"container\">\n\t\t\t\t<div class=\"elementor-element elementor-element-dc09f30 elementor-widget elementor-widget-text-editor\" data-id=\"dc09f30\" data-element_type=\"widget\" data-e-type=\"widget\" data-widget_type=\"text-editor.default\">\n\t\t\t\t<div class=\"elementor-widget-container\">\n\t\t\t\t\t\t\t\t\t<p><style id=\"wpforms-css-vars-1147\">\n\t\t\t\t#wpforms-1147 {\n\t\t\t\t\n\t\t\t}\n\t\t\t<\/style><div class=\"wpforms-container wpforms-container-full wpforms-render-modern\" id=\"wpforms-1147\"><form id=\"wpforms-form-1147\" class=\"wpforms-validate wpforms-form wpforms-ajax-form\" data-formid=\"1147\" method=\"post\" enctype=\"multipart\/form-data\" action=\"\/en\/wp-json\/wp\/v2\/pages\/323\" data-token=\"3d27e41e0515aa22fe4a5b649167cb02\" data-token-time=\"1776415276\"><noscript class=\"wpforms-error-noscript\">Please enable JavaScript in your browser to complete this form.<\/noscript><div id=\"wpforms-error-noscript\" style=\"display: none;\">Please enable JavaScript in your browser to complete this form.<\/div><div class=\"wpforms-field-container\"><div id=\"wpforms-1147-field_0-container\" class=\"wpforms-field wpforms-field-name\" data-field-id=\"0\"><fieldset><legend class=\"wpforms-field-label\">Nombre <span class=\"wpforms-required-label\" aria-hidden=\"true\">*<\/span><\/legend><div class=\"wpforms-field-row wpforms-field-large\"><div class=\"wpforms-field-row-block wpforms-first wpforms-one-half\"><input type=\"text\" id=\"wpforms-1147-field_0\" class=\"wpforms-field-name-first wpforms-field-required\" name=\"wpforms[fields][0][first]\" aria-errormessage=\"wpforms-1147-field_0-error\" required><label for=\"wpforms-1147-field_0\" class=\"wpforms-field-sublabel after\">First<\/label><\/div><div class=\"wpforms-field-row-block wpforms-one-half\"><input type=\"text\" id=\"wpforms-1147-field_0-last\" class=\"wpforms-field-name-last wpforms-field-required\" name=\"wpforms[fields][0][last]\" aria-errormessage=\"wpforms-1147-field_0-last-error\" required><label for=\"wpforms-1147-field_0-last\" class=\"wpforms-field-sublabel after\">Last<\/label><\/div><\/div><\/fieldset><\/div><div id=\"wpforms-1147-field_3-container\" class=\"wpforms-field wpforms-field-email\" data-field-id=\"3\"><label class=\"wpforms-field-label\" for=\"wpforms-1147-field_3\">Email <span class=\"wpforms-required-label\" aria-hidden=\"true\">*<\/span><\/label><input type=\"email\" id=\"wpforms-1147-field_3\" class=\"wpforms-field-medium wpforms-field-required\" name=\"wpforms[fields][3]\" spellcheck=\"false\" aria-errormessage=\"wpforms-1147-field_3-error\" required><\/div><div id=\"wpforms-1147-field_2-container\" class=\"wpforms-field wpforms-field-textarea\" data-field-id=\"2\"><label class=\"wpforms-field-label\" for=\"wpforms-1147-field_2\">Mensaje<\/label><textarea id=\"wpforms-1147-field_2\" class=\"wpforms-field-medium\" name=\"wpforms[fields][2]\" aria-errormessage=\"wpforms-1147-field_2-error\" ><\/textarea><\/div><\/div><!-- .wpforms-field-container --><div class=\"wpforms-submit-container\" ><input type=\"hidden\" name=\"wpforms[id]\" value=\"1147\"><input type=\"hidden\" name=\"page_title\" value=\"\"><input type=\"hidden\" name=\"page_url\" value=\"https:\/\/momentumcasino.com\/en\/wp-json\/wp\/v2\/pages\/323\"><input type=\"hidden\" name=\"url_referer\" value=\"\"><button type=\"submit\" name=\"wpforms[submit]\" id=\"wpforms-submit-1147\" class=\"wpforms-submit\" data-alt-text=\"Sending...\" data-submit-text=\"Enviar\" aria-live=\"assertive\" value=\"wpforms-submit\">Enviar<\/button><img decoding=\"async\" src=\"https:\/\/momentumcasino.com\/wp-content\/plugins\/wpforms-lite\/assets\/images\/submit-spin.svg\" class=\"wpforms-submit-spinner\" style=\"display: none;\" width=\"26\" height=\"26\" alt=\"Loading\"><\/div><\/form><\/div>  <!-- .wpforms-container --><\/p>\t\t\t\t\t\t\t\t<\/div>\n\t\t\t\t<\/div>\n\t\t\t\t<\/div>\n\t\t<div class=\"elementor-element elementor-element-f50a31d e-con-full e-flex wpr-particle-no wpr-jarallax-no wpr-parallax-no wpr-sticky-section-no wpr-equal-height-no e-con e-child\" data-id=\"f50a31d\" data-element_type=\"container\" data-e-type=\"container\">\n\t\t\t\t<\/div>\n\t\t<div class=\"elementor-element elementor-element-72275d2 e-con-full e-flex wpr-particle-no wpr-jarallax-no wpr-parallax-no wpr-sticky-section-no wpr-equal-height-no e-con e-child\" data-id=\"72275d2\" data-element_type=\"container\" data-e-type=\"container\">\n\t\t\t\t<div class=\"elementor-element elementor-element-d9399b8 elementor-widget elementor-widget-text-editor\" data-id=\"d9399b8\" data-element_type=\"widget\" data-e-type=\"widget\" data-widget_type=\"text-editor.default\">\n\t\t\t\t<div class=\"elementor-widget-container\">\n\t\t\t\t\t\t\t\t\t<h3>Mas informaci\u00f3n<\/h3><p>Puede contactarnos por correo electr\u00f3nico o llamando a nuestra sede.<\/p><p>El negocio est\u00e1 abierto las 24 horas, los 7 d\u00edas de la semana. Espere un d\u00eda h\u00e1bil para recibir una respuesta corporativa.<\/p><p><strong>Direcci\u00f3n:<\/strong>\u00a0Km 5 1\/2 Ctra. Masaya. Edificio DELTA 30mts al este. Zona Rosa., Managua, Nicaragua, Centro Am\u00e9rica., Managua 14031<\/p><p>\u00a0<strong>Tel\u00e9fono:<\/strong>\u00a02252 5912<\/p><p><strong>Horario comercial:<\/strong> 24\/7, 365 d\u00edas<\/p>\t\t\t\t\t\t\t\t<\/div>\n\t\t\t\t<\/div>\n\t\t\t\t<\/div>\n\t\t\t\t\t<\/div>\n\t\t\t\t<\/div>\n\t\t\t\t<\/div>\n\t\t","protected":false},"excerpt":{"rendered":"<p><style id=\"wpforms-css-vars-1147\">\n\t\t\t\t#wpforms-1147 {\n\t\t\t\t\n\t\t\t}\n\t\t\t<\/style><div class=\"wpforms-container wpforms-container-full wpforms-render-modern\" id=\"wpforms-1147\"><form id=\"wpforms-form-1147\" class=\"wpforms-validate wpforms-form wpforms-ajax-form\" data-formid=\"1147\" method=\"post\" enctype=\"multipart\/form-data\" action=\"\/en\/wp-json\/wp\/v2\/pages\/323\" data-token=\"3d27e41e0515aa22fe4a5b649167cb02\" data-token-time=\"1776415276\"><noscript class=\"wpforms-error-noscript\">Please enable JavaScript in your browser to complete this form.<\/noscript><div id=\"wpforms-error-noscript\" style=\"display: none;\">Please enable JavaScript in your browser to complete this form.<\/div><div class=\"wpforms-field-container\"><div id=\"wpforms-1147-field_0-container\" class=\"wpforms-field wpforms-field-name\" data-field-id=\"0\"><fieldset><legend class=\"wpforms-field-label\">Nombre <span class=\"wpforms-required-label\" aria-hidden=\"true\">*<\/span><\/legend><div class=\"wpforms-field-row wpforms-field-large\"><div class=\"wpforms-field-row-block wpforms-first wpforms-one-half\"><input type=\"text\" id=\"wpforms-1147-field_0\" class=\"wpforms-field-name-first wpforms-field-required\" name=\"wpforms[fields][0][first]\" aria-errormessage=\"wpforms-1147-field_0-error\" required><label for=\"wpforms-1147-field_0\" class=\"wpforms-field-sublabel after\">First<\/label><\/div><div class=\"wpforms-field-row-block wpforms-one-half\"><input type=\"text\" id=\"wpforms-1147-field_0-last\" class=\"wpforms-field-name-last wpforms-field-required\" name=\"wpforms[fields][0][last]\" aria-errormessage=\"wpforms-1147-field_0-last-error\" required><label for=\"wpforms-1147-field_0-last\" class=\"wpforms-field-sublabel after\">Last<\/label><\/div><\/div><\/fieldset><\/div><div id=\"wpforms-1147-field_3-container\" class=\"wpforms-field wpforms-field-email\" data-field-id=\"3\"><label class=\"wpforms-field-label\" for=\"wpforms-1147-field_3\">Email <span class=\"wpforms-required-label\" aria-hidden=\"true\">*<\/span><\/label><input type=\"email\" id=\"wpforms-1147-field_3\" class=\"wpforms-field-medium wpforms-field-required\" name=\"wpforms[fields][3]\" spellcheck=\"false\" aria-errormessage=\"wpforms-1147-field_3-error\" required><\/div><div id=\"wpforms-1147-field_2-container\" class=\"wpforms-field wpforms-field-textarea\" data-field-id=\"2\"><label class=\"wpforms-field-label\" for=\"wpforms-1147-field_2\">Mensaje<\/label><textarea id=\"wpforms-1147-field_2\" class=\"wpforms-field-medium\" name=\"wpforms[fields][2]\" aria-errormessage=\"wpforms-1147-field_2-error\" ><\/textarea><\/div><\/div><!-- .wpforms-field-container --><div class=\"wpforms-submit-container\" ><input type=\"hidden\" name=\"wpforms[id]\" value=\"1147\"><input type=\"hidden\" name=\"page_title\" value=\"\"><input type=\"hidden\" name=\"page_url\" value=\"https:\/\/momentumcasino.com\/en\/wp-json\/wp\/v2\/pages\/323\"><input type=\"hidden\" name=\"url_referer\" value=\"\"><button type=\"submit\" name=\"wpforms[submit]\" id=\"wpforms-submit-1147\" class=\"wpforms-submit\" data-alt-text=\"Sending...\" data-submit-text=\"Enviar\" aria-live=\"assertive\" value=\"wpforms-submit\">Enviar<\/button><img decoding=\"async\" src=\"https:\/\/momentumcasino.com\/wp-content\/plugins\/wpforms-lite\/assets\/images\/submit-spin.svg\" class=\"wpforms-submit-spinner\" style=\"display: none;\" width=\"26\" height=\"26\" alt=\"Loading\"><\/div><\/form><\/div>  <!-- .wpforms-container -->Mas informaci\u00f3nPuede contactarnos por correo electr\u00f3nico o llamando a nuestra sede.El negocio est\u00e1 abierto las 24 horas, los 7 d\u00edas de la semana. Espere un d\u00eda h\u00e1bil para recibir una respuesta corporativa.Direcci\u00f3n:\u00a0Km 5 1\/2 Ctra. Masaya. Edificio DELTA 30mts al este. Zona Rosa., Managua, Nicaragua, Centro Am\u00e9rica., Managua 14031\u00a0Tel\u00e9fono:\u00a02252 5912Horario comercial: 24\/7, 365 d\u00edas<\/p>\n","protected":false},"author":1,"featured_media":0,"parent":0,"menu_order":0,"comment_status":"closed","ping_status":"closed","template":"","meta":{"_et_pb_use_builder":"on","_et_pb_old_content":"","_et_gb_content_width":"","footnotes":""},"class_list":["post-323","page","type-page","status-publish","hentry"],"yoast_head":"<!-- This site is optimized with the Yoast SEO plugin v27.4 - https:\/\/yoast.com\/product\/yoast-seo-wordpress\/ -->\n<title>Contact Us - Momentum Casinos<\/title>\n<meta name=\"robots\" content=\"index, follow, max-snippet:-1, max-image-preview:large, max-video-preview:-1\" \/>\n<link rel=\"canonical\" href=\"https:\/\/momentumcasino.com\/en\/contact-us\/\" \/>\n<meta property=\"og:locale\" content=\"en_US\" \/>\n<meta property=\"og:type\" content=\"article\" \/>\n<meta property=\"og:title\" content=\"Contact Us - Momentum Casinos\" \/>\n<meta property=\"og:description\" content=\"Mas informaci\u00f3nPuede contactarnos por correo electr\u00f3nico o llamando a nuestra sede.El negocio est\u00e1 abierto las 24 horas, los 7 d\u00edas de la semana. Espere un d\u00eda h\u00e1bil para recibir una respuesta corporativa.Direcci\u00f3n:\u00a0Km 5 1\/2 Ctra. Masaya. Edificio DELTA 30mts al este. Zona Rosa., Managua, Nicaragua, Centro Am\u00e9rica., Managua 14031\u00a0Tel\u00e9fono:\u00a02252 5912Horario comercial: 24\/7, 365 d\u00edas\" \/>\n<meta property=\"og:url\" content=\"https:\/\/momentumcasino.com\/en\/contact-us\/\" \/>\n<meta property=\"og:site_name\" content=\"Momentum Casinos\" \/>\n<meta property=\"article:modified_time\" content=\"2023-09-28T17:07:39+00:00\" \/>\n<meta name=\"twitter:card\" content=\"summary_large_image\" \/>\n<script type=\"application\/ld+json\" class=\"yoast-schema-graph\">{\"@context\":\"https:\\\/\\\/schema.org\",\"@graph\":[{\"@type\":\"WebPage\",\"@id\":\"https:\\\/\\\/momentumcasino.com\\\/contact-us\\\/\",\"url\":\"https:\\\/\\\/momentumcasino.com\\\/contact-us\\\/\",\"name\":\"Contact Us - Momentum Casinos\",\"isPartOf\":{\"@id\":\"https:\\\/\\\/momentumcasino.com\\\/#website\"},\"datePublished\":\"2017-08-07T02:49:24+00:00\",\"dateModified\":\"2023-09-28T17:07:39+00:00\",\"breadcrumb\":{\"@id\":\"https:\\\/\\\/momentumcasino.com\\\/contact-us\\\/#breadcrumb\"},\"inLanguage\":\"en-US\",\"potentialAction\":[{\"@type\":\"ReadAction\",\"target\":[\"https:\\\/\\\/momentumcasino.com\\\/contact-us\\\/\"]}]},{\"@type\":\"BreadcrumbList\",\"@id\":\"https:\\\/\\\/momentumcasino.com\\\/contact-us\\\/#breadcrumb\",\"itemListElement\":[{\"@type\":\"ListItem\",\"position\":1,\"name\":\"Home\",\"item\":\"https:\\\/\\\/momentumcasino.com\\\/\"},{\"@type\":\"ListItem\",\"position\":2,\"name\":\"Contact Us\"}]},{\"@type\":\"WebSite\",\"@id\":\"https:\\\/\\\/momentumcasino.com\\\/#website\",\"url\":\"https:\\\/\\\/momentumcasino.com\\\/\",\"name\":\"Momentum Casinos\",\"description\":\"Siente la Emocion!\",\"publisher\":{\"@id\":\"https:\\\/\\\/momentumcasino.com\\\/#organization\"},\"potentialAction\":[{\"@type\":\"SearchAction\",\"target\":{\"@type\":\"EntryPoint\",\"urlTemplate\":\"https:\\\/\\\/momentumcasino.com\\\/?s={search_term_string}\"},\"query-input\":{\"@type\":\"PropertyValueSpecification\",\"valueRequired\":true,\"valueName\":\"search_term_string\"}}],\"inLanguage\":\"en-US\"},{\"@type\":\"Organization\",\"@id\":\"https:\\\/\\\/momentumcasino.com\\\/#organization\",\"name\":\"Momentum Casinos\",\"url\":\"https:\\\/\\\/momentumcasino.com\\\/\",\"logo\":{\"@type\":\"ImageObject\",\"inLanguage\":\"en-US\",\"@id\":\"https:\\\/\\\/momentumcasino.com\\\/#\\\/schema\\\/logo\\\/image\\\/\",\"url\":\"https:\\\/\\\/momentumcasino.com\\\/wp-content\\\/uploads\\\/2023\\\/08\\\/MOMENTUM.png\",\"contentUrl\":\"https:\\\/\\\/momentumcasino.com\\\/wp-content\\\/uploads\\\/2023\\\/08\\\/MOMENTUM.png\",\"width\":2843,\"height\":583,\"caption\":\"Momentum Casinos\"},\"image\":{\"@id\":\"https:\\\/\\\/momentumcasino.com\\\/#\\\/schema\\\/logo\\\/image\\\/\"}}]}<\/script>\n<!-- \/ Yoast SEO plugin. -->","yoast_head_json":{"title":"Contact Us - Momentum Casinos","robots":{"index":"index","follow":"follow","max-snippet":"max-snippet:-1","max-image-preview":"max-image-preview:large","max-video-preview":"max-video-preview:-1"},"canonical":"https:\/\/momentumcasino.com\/en\/contact-us\/","og_locale":"en_US","og_type":"article","og_title":"Contact Us - Momentum Casinos","og_description":"Mas informaci\u00f3nPuede contactarnos por correo electr\u00f3nico o llamando a nuestra sede.El negocio est\u00e1 abierto las 24 horas, los 7 d\u00edas de la semana. Espere un d\u00eda h\u00e1bil para recibir una respuesta corporativa.Direcci\u00f3n:\u00a0Km 5 1\/2 Ctra. Masaya. Edificio DELTA 30mts al este. Zona Rosa., Managua, Nicaragua, Centro Am\u00e9rica., Managua 14031\u00a0Tel\u00e9fono:\u00a02252 5912Horario comercial: 24\/7, 365 d\u00edas","og_url":"https:\/\/momentumcasino.com\/en\/contact-us\/","og_site_name":"Momentum Casinos","article_modified_time":"2023-09-28T17:07:39+00:00","twitter_card":"summary_large_image","schema":{"@context":"https:\/\/schema.org","@graph":[{"@type":"WebPage","@id":"https:\/\/momentumcasino.com\/contact-us\/","url":"https:\/\/momentumcasino.com\/contact-us\/","name":"Contact Us - Momentum Casinos","isPartOf":{"@id":"https:\/\/momentumcasino.com\/#website"},"datePublished":"2017-08-07T02:49:24+00:00","dateModified":"2023-09-28T17:07:39+00:00","breadcrumb":{"@id":"https:\/\/momentumcasino.com\/contact-us\/#breadcrumb"},"inLanguage":"en-US","potentialAction":[{"@type":"ReadAction","target":["https:\/\/momentumcasino.com\/contact-us\/"]}]},{"@type":"BreadcrumbList","@id":"https:\/\/momentumcasino.com\/contact-us\/#breadcrumb","itemListElement":[{"@type":"ListItem","position":1,"name":"Home","item":"https:\/\/momentumcasino.com\/"},{"@type":"ListItem","position":2,"name":"Contact Us"}]},{"@type":"WebSite","@id":"https:\/\/momentumcasino.com\/#website","url":"https:\/\/momentumcasino.com\/","name":"Momentum Casinos","description":"Siente la Emocion!","publisher":{"@id":"https:\/\/momentumcasino.com\/#organization"},"potentialAction":[{"@type":"SearchAction","target":{"@type":"EntryPoint","urlTemplate":"https:\/\/momentumcasino.com\/?s={search_term_string}"},"query-input":{"@type":"PropertyValueSpecification","valueRequired":true,"valueName":"search_term_string"}}],"inLanguage":"en-US"},{"@type":"Organization","@id":"https:\/\/momentumcasino.com\/#organization","name":"Momentum Casinos","url":"https:\/\/momentumcasino.com\/","logo":{"@type":"ImageObject","inLanguage":"en-US","@id":"https:\/\/momentumcasino.com\/#\/schema\/logo\/image\/","url":"https:\/\/momentumcasino.com\/wp-content\/uploads\/2023\/08\/MOMENTUM.png","contentUrl":"https:\/\/momentumcasino.com\/wp-content\/uploads\/2023\/08\/MOMENTUM.png","width":2843,"height":583,"caption":"Momentum Casinos"},"image":{"@id":"https:\/\/momentumcasino.com\/#\/schema\/logo\/image\/"}}]}},"_links":{"self":[{"href":"https:\/\/momentumcasino.com\/en\/wp-json\/wp\/v2\/pages\/323","targetHints":{"allow":["GET"]}}],"collection":[{"href":"https:\/\/momentumcasino.com\/en\/wp-json\/wp\/v2\/pages"}],"about":[{"href":"https:\/\/momentumcasino.com\/en\/wp-json\/wp\/v2\/types\/page"}],"author":[{"embeddable":true,"href":"https:\/\/momentumcasino.com\/en\/wp-json\/wp\/v2\/users\/1"}],"replies":[{"embeddable":true,"href":"https:\/\/momentumcasino.com\/en\/wp-json\/wp\/v2\/comments?post=323"}],"version-history":[{"count":22,"href":"https:\/\/momentumcasino.com\/en\/wp-json\/wp\/v2\/pages\/323\/revisions"}],"predecessor-version":[{"id":1167,"href":"https:\/\/momentumcasino.com\/en\/wp-json\/wp\/v2\/pages\/323\/revisions\/1167"}],"wp:attachment":[{"href":"https:\/\/momentumcasino.com\/en\/wp-json\/wp\/v2\/media?parent=323"}],"curies":[{"name":"wp","href":"https:\/\/api.w.org\/{rel}","templated":true}]}}