{"id":842,"date":"2023-09-05T13:33:19","date_gmt":"2023-09-05T19:33:19","guid":{"rendered":"https:\/\/momentumcasino.com\/?page_id=842"},"modified":"2023-09-11T14:48:18","modified_gmt":"2023-09-11T20:48:18","slug":"egt","status":"publish","type":"page","link":"https:\/\/momentumcasino.com\/en\/egt\/","title":{"rendered":"EGT"},"content":{"rendered":"<p>[et_pb_section fb_built=\u00bb1&#8243; _builder_version=\u00bb4.22.1&#8243; _module_preset=\u00bbdefault\u00bb global_colors_info=\u00bb{}\u00bb][et_pb_row column_structure=\u00bb3_5,2_5&#8243; _builder_version=\u00bb4.22.1&#8243; _module_preset=\u00bbdefault\u00bb global_colors_info=\u00bb{}\u00bb][et_pb_column type=\u00bb3_5&#8243; _builder_version=\u00bb4.22.1&#8243; _module_preset=\u00bbdefault\u00bb global_colors_info=\u00bb{}\u00bb][et_pb_image src=\u00bbhttp:\/\/momentumcasino.com\/wp-content\/uploads\/2023\/09\/EGT_600x600_logo-1.png\u00bb alt=\u00bbEGT_600x600_logo\u00bb title_text=\u00bbEGT_600x600_logo\u00bb _builder_version=\u00bb4.22.1&#8243; _module_preset=\u00bbdefault\u00bb width=\u00bb31%\u00bb width_tablet=\u00bb38%\u00bb width_phone=\u00bb87%\u00bb width_last_edited=\u00bbon|desktop\u00bb hover_enabled=\u00bb0&#8243; global_colors_info=\u00bb{}\u00bb sticky_enabled=\u00bb0&#8243;][\/et_pb_image][et_pb_text _builder_version=\u00bb4.22.1&#8243; _module_preset=\u00bbdefault\u00bb custom_padding=\u00bb10px|||||\u00bb global_colors_info=\u00bb{}\u00bb]<\/p>\n<p>Una versi\u00f3n vertical de la m\u00e1quina tragamonedas Premier con dos monitores de 24 pulgadas. Premier, la cl\u00e1sica serie de gabinetes de EGT, es sin\u00f3nimo de construcci\u00f3n de calidad, dise\u00f1o atemporal y superioridad tecnol\u00f3gica, impulsado por la famosa plataforma Exciter.<\/p>\n<p>[\/et_pb_text][\/et_pb_column][et_pb_column type=\u00bb2_5&#8243; _builder_version=\u00bb4.22.1&#8243; _module_preset=\u00bbdefault\u00bb global_colors_info=\u00bb{}\u00bb][et_pb_image src=\u00bbhttp:\/\/momentumcasino.com\/wp-content\/uploads\/2023\/09\/EGT-machine.png\u00bb alt=\u00bbEGT machine\u00bb title_text=\u00bbEGT machine\u00bb _builder_version=\u00bb4.22.1&#8243; _module_preset=\u00bbdefault\u00bb global_colors_info=\u00bb{}\u00bb][\/et_pb_image][\/et_pb_column][\/et_pb_row][et_pb_row _builder_version=\u00bb4.22.1&#8243; _module_preset=\u00bbdefault\u00bb global_colors_info=\u00bb{}\u00bb][et_pb_column type=\u00bb4_4&#8243; _builder_version=\u00bb4.22.1&#8243; _module_preset=\u00bbdefault\u00bb global_colors_info=\u00bb{}\u00bb][et_pb_video src=\u00bbhttps:\/\/www.youtube.com\/watch?v=2WR-2TxfDCA&#038;t=8s&#038;ab_channel=EuroGamesTechnology\u00bb _builder_version=\u00bb4.22.1&#8243; _module_preset=\u00bbdefault\u00bb global_colors_info=\u00bb{}\u00bb][\/et_pb_video][\/et_pb_column][\/et_pb_row][\/et_pb_section]<\/p>\n","protected":false},"excerpt":{"rendered":"<p>Una versi\u00f3n vertical de la m\u00e1quina tragamonedas Premier con dos monitores de 24 pulgadas. Premier, la cl\u00e1sica serie de gabinetes de EGT, es sin\u00f3nimo de construcci\u00f3n de calidad, dise\u00f1o atemporal y superioridad tecnol\u00f3gica, impulsado por la famosa plataforma Exciter.<\/p>","protected":false},"author":1,"featured_media":0,"parent":0,"menu_order":0,"comment_status":"closed","ping_status":"closed","template":"","meta":{"_et_pb_use_builder":"on","_et_pb_old_content":"","_et_gb_content_width":"","footnotes":""},"class_list":["post-842","page","type-page","status-publish","hentry"],"yoast_head":"<!-- This site is optimized with the Yoast SEO plugin v27.5 - https:\/\/yoast.com\/product\/yoast-seo-wordpress\/ -->\n<title>EGT - Momentum Casinos<\/title>\n<meta name=\"robots\" content=\"index, follow, max-snippet:-1, max-image-preview:large, max-video-preview:-1\" \/>\n<link rel=\"canonical\" href=\"https:\/\/momentumcasino.com\/en\/egt\/\" \/>\n<meta property=\"og:locale\" content=\"en_US\" \/>\n<meta property=\"og:type\" content=\"article\" \/>\n<meta property=\"og:title\" content=\"EGT - Momentum Casinos\" \/>\n<meta property=\"og:description\" content=\"Una versi\u00f3n vertical de la m\u00e1quina tragamonedas Premier con dos monitores de 24 pulgadas. Premier, la cl\u00e1sica serie de gabinetes de EGT, es sin\u00f3nimo de construcci\u00f3n de calidad, dise\u00f1o atemporal y superioridad tecnol\u00f3gica, impulsado por la famosa plataforma Exciter.\" \/>\n<meta property=\"og:url\" content=\"https:\/\/momentumcasino.com\/en\/egt\/\" \/>\n<meta property=\"og:site_name\" content=\"Momentum Casinos\" \/>\n<meta property=\"article:modified_time\" content=\"2023-09-11T20:48:18+00:00\" \/>\n<meta name=\"twitter:card\" content=\"summary_large_image\" \/>\n<meta name=\"twitter:label1\" content=\"Est. reading time\" \/>\n\t<meta name=\"twitter:data1\" content=\"1 minute\" \/>\n<script type=\"application\/ld+json\" class=\"yoast-schema-graph\">{\"@context\":\"https:\\\/\\\/schema.org\",\"@graph\":[{\"@type\":\"WebPage\",\"@id\":\"https:\\\/\\\/momentumcasino.com\\\/egt\\\/\",\"url\":\"https:\\\/\\\/momentumcasino.com\\\/egt\\\/\",\"name\":\"EGT - Momentum Casinos\",\"isPartOf\":{\"@id\":\"https:\\\/\\\/momentumcasino.com\\\/#website\"},\"datePublished\":\"2023-09-05T19:33:19+00:00\",\"dateModified\":\"2023-09-11T20:48:18+00:00\",\"breadcrumb\":{\"@id\":\"https:\\\/\\\/momentumcasino.com\\\/egt\\\/#breadcrumb\"},\"inLanguage\":\"en-US\",\"potentialAction\":[{\"@type\":\"ReadAction\",\"target\":[\"https:\\\/\\\/momentumcasino.com\\\/egt\\\/\"]}]},{\"@type\":\"BreadcrumbList\",\"@id\":\"https:\\\/\\\/momentumcasino.com\\\/egt\\\/#breadcrumb\",\"itemListElement\":[{\"@type\":\"ListItem\",\"position\":1,\"name\":\"Home\",\"item\":\"https:\\\/\\\/momentumcasino.com\\\/\"},{\"@type\":\"ListItem\",\"position\":2,\"name\":\"EGT\"}]},{\"@type\":\"WebSite\",\"@id\":\"https:\\\/\\\/momentumcasino.com\\\/#website\",\"url\":\"https:\\\/\\\/momentumcasino.com\\\/\",\"name\":\"Momentum Casinos\",\"description\":\"Siente la Emocion!\",\"publisher\":{\"@id\":\"https:\\\/\\\/momentumcasino.com\\\/#organization\"},\"potentialAction\":[{\"@type\":\"SearchAction\",\"target\":{\"@type\":\"EntryPoint\",\"urlTemplate\":\"https:\\\/\\\/momentumcasino.com\\\/?s={search_term_string}\"},\"query-input\":{\"@type\":\"PropertyValueSpecification\",\"valueRequired\":true,\"valueName\":\"search_term_string\"}}],\"inLanguage\":\"en-US\"},{\"@type\":\"Organization\",\"@id\":\"https:\\\/\\\/momentumcasino.com\\\/#organization\",\"name\":\"Momentum Casinos\",\"url\":\"https:\\\/\\\/momentumcasino.com\\\/\",\"logo\":{\"@type\":\"ImageObject\",\"inLanguage\":\"en-US\",\"@id\":\"https:\\\/\\\/momentumcasino.com\\\/#\\\/schema\\\/logo\\\/image\\\/\",\"url\":\"https:\\\/\\\/momentumcasino.com\\\/wp-content\\\/uploads\\\/2023\\\/08\\\/MOMENTUM.png\",\"contentUrl\":\"https:\\\/\\\/momentumcasino.com\\\/wp-content\\\/uploads\\\/2023\\\/08\\\/MOMENTUM.png\",\"width\":2843,\"height\":583,\"caption\":\"Momentum Casinos\"},\"image\":{\"@id\":\"https:\\\/\\\/momentumcasino.com\\\/#\\\/schema\\\/logo\\\/image\\\/\"}}]}<\/script>\n<!-- \/ Yoast SEO plugin. -->","yoast_head_json":{"title":"EGT - Momentum Casinos","robots":{"index":"index","follow":"follow","max-snippet":"max-snippet:-1","max-image-preview":"max-image-preview:large","max-video-preview":"max-video-preview:-1"},"canonical":"https:\/\/momentumcasino.com\/en\/egt\/","og_locale":"en_US","og_type":"article","og_title":"EGT - Momentum Casinos","og_description":"Una versi\u00f3n vertical de la m\u00e1quina tragamonedas Premier con dos monitores de 24 pulgadas. Premier, la cl\u00e1sica serie de gabinetes de EGT, es sin\u00f3nimo de construcci\u00f3n de calidad, dise\u00f1o atemporal y superioridad tecnol\u00f3gica, impulsado por la famosa plataforma Exciter.","og_url":"https:\/\/momentumcasino.com\/en\/egt\/","og_site_name":"Momentum Casinos","article_modified_time":"2023-09-11T20:48:18+00:00","twitter_card":"summary_large_image","twitter_misc":{"Est. reading time":"1 minute"},"schema":{"@context":"https:\/\/schema.org","@graph":[{"@type":"WebPage","@id":"https:\/\/momentumcasino.com\/egt\/","url":"https:\/\/momentumcasino.com\/egt\/","name":"EGT - Momentum Casinos","isPartOf":{"@id":"https:\/\/momentumcasino.com\/#website"},"datePublished":"2023-09-05T19:33:19+00:00","dateModified":"2023-09-11T20:48:18+00:00","breadcrumb":{"@id":"https:\/\/momentumcasino.com\/egt\/#breadcrumb"},"inLanguage":"en-US","potentialAction":[{"@type":"ReadAction","target":["https:\/\/momentumcasino.com\/egt\/"]}]},{"@type":"BreadcrumbList","@id":"https:\/\/momentumcasino.com\/egt\/#breadcrumb","itemListElement":[{"@type":"ListItem","position":1,"name":"Home","item":"https:\/\/momentumcasino.com\/"},{"@type":"ListItem","position":2,"name":"EGT"}]},{"@type":"WebSite","@id":"https:\/\/momentumcasino.com\/#website","url":"https:\/\/momentumcasino.com\/","name":"Momentum Casinos","description":"Siente la Emocion!","publisher":{"@id":"https:\/\/momentumcasino.com\/#organization"},"potentialAction":[{"@type":"SearchAction","target":{"@type":"EntryPoint","urlTemplate":"https:\/\/momentumcasino.com\/?s={search_term_string}"},"query-input":{"@type":"PropertyValueSpecification","valueRequired":true,"valueName":"search_term_string"}}],"inLanguage":"en-US"},{"@type":"Organization","@id":"https:\/\/momentumcasino.com\/#organization","name":"Momentum Casinos","url":"https:\/\/momentumcasino.com\/","logo":{"@type":"ImageObject","inLanguage":"en-US","@id":"https:\/\/momentumcasino.com\/#\/schema\/logo\/image\/","url":"https:\/\/momentumcasino.com\/wp-content\/uploads\/2023\/08\/MOMENTUM.png","contentUrl":"https:\/\/momentumcasino.com\/wp-content\/uploads\/2023\/08\/MOMENTUM.png","width":2843,"height":583,"caption":"Momentum Casinos"},"image":{"@id":"https:\/\/momentumcasino.com\/#\/schema\/logo\/image\/"}}]}},"_links":{"self":[{"href":"https:\/\/momentumcasino.com\/en\/wp-json\/wp\/v2\/pages\/842","targetHints":{"allow":["GET"]}}],"collection":[{"href":"https:\/\/momentumcasino.com\/en\/wp-json\/wp\/v2\/pages"}],"about":[{"href":"https:\/\/momentumcasino.com\/en\/wp-json\/wp\/v2\/types\/page"}],"author":[{"embeddable":true,"href":"https:\/\/momentumcasino.com\/en\/wp-json\/wp\/v2\/users\/1"}],"replies":[{"embeddable":true,"href":"https:\/\/momentumcasino.com\/en\/wp-json\/wp\/v2\/comments?post=842"}],"version-history":[{"count":3,"href":"https:\/\/momentumcasino.com\/en\/wp-json\/wp\/v2\/pages\/842\/revisions"}],"predecessor-version":[{"id":903,"href":"https:\/\/momentumcasino.com\/en\/wp-json\/wp\/v2\/pages\/842\/revisions\/903"}],"wp:attachment":[{"href":"https:\/\/momentumcasino.com\/en\/wp-json\/wp\/v2\/media?parent=842"}],"curies":[{"name":"wp","href":"https:\/\/api.w.org\/{rel}","templated":true}]}}